{"id":55,"date":"2021-06-30T22:47:03","date_gmt":"2021-06-30T20:47:03","guid":{"rendered":"https:\/\/ebsi4ro.ro\/?page_id=55"},"modified":"2022-12-09T11:18:35","modified_gmt":"2022-12-09T09:18:35","slug":"learn","status":"publish","type":"page","link":"https:\/\/ebsi4ro.ro\/ro\/learn\/","title":{"rendered":"miniMOOCs"},"content":{"rendered":"<p>V\u0103 invit\u0103m s\u0103 participa\u021bi la mini cursurile online masive deschise (miniMOOC) dezvoltate \u00een cadrul proiectului <a href=\"https:\/\/ebsi4ro.ro\/ro\/\">\u201cEBSI4RO: Connecting Romania through Blockchain\u201d<\/a>, de c\u0103tre partenerii <a href=\"https:\/\/uefiscdi.ro\">UEFISCDI<\/a> \u0219i <a href=\"https:\/\/upt.ro\">UPT<\/a>. <\/p>\n\n\n\n<p>Scopul acestora este facilitarea cunoa\u0219terii \u0219i adopt\u0103rii tehnologiei Blockchain \u0219i a infrastructurii europene de servicii Blockchain (<a href=\"https:\/\/ec.europa.eu\/ebsi\">European Blockchain Services Infrastructure \u2013 EBSI<\/a>), de c\u0103tre cet\u0103\u021beni, firme, institu\u021bii \u0219i administra\u021bie. <\/p>\n\n\n\n<ol class=\"wp-block-list\">\n<li>Tehnologia Blockchain. Aplica\u021bii \u00een diferite domenii \u0219i \u00een educa\u021bie &#8211; Carmen Holotescu \u0219i Diana Andone, UPT; <\/li>\n\n\n\n<li>Priorit\u0103\u021bi \u0219i programe EU legate de Blockchain. Proiecte Blockchain \u00een Rom\u00e2nia &#8211; Carmen Holotescu, Diana Andone, UPT; <\/li>\n\n\n\n<li>Specifica\u021bii tehnice \u0219i use-cases EBSI &#8211; Carmen Holotescu \u0219i Victor Holotescu, UPT; <\/li>\n\n\n\n<li>Diploma use-case &#8211; Victor Holotescu \u0219i Andrei Ternauciuc, UPT; Cosmin Cioranu, UEFISCDI; <\/li>\n\n\n\n<li>Dezvoltarea \u0219i testarea aplica\u021biilor EBSI &#8211; Victor Holotescu \u0219i Andrei Ternauciuc, UPT; Cosmin Cioranu, UEFISCDI. <\/li>\n<\/ol>\n\n\n\n<p>MiniMOOC-urile au fost lansate \u00een august 2022, \u00eenscrierea put\u00e2nd fi f\u0103cut\u0103 oric\u00e2nd. Fiecare miniMOOC poate fi parcurs \u00eentr-o s\u0103pt\u0103m\u00e2n\u0103, \u00een 2 ore de lucru, ceea ce presupune studiul materialelor \u0219i a resurselor, realizarea de activit\u0103\u021bi, unele colaborative.&nbsp;<\/p>\n\n\n\n<p>Finalizarea cu succes a acestora va fi recunoscut\u0103 cu open badges \u0219i cu micro-creden\u021biale pe EBSI.<\/p>\n\n\n\n<p>Se poate ca miniMOOC-urile s\u0103 fie folosite de cadre didactice la diferite discipline, deci integrate \u00een cursuri tradi\u021bionale &#8211; v\u0103 rug\u0103m s\u0103 ne contacta\u021bi pentru a discuta \u0219i a face experien\u021ba c\u00e2t mai util\u0103 pentru studen\u021bii dvs.<\/p>\n\n\n\n<p>V\u0103 invit\u0103m s\u0103 v\u0103 crea\u021bi cont pe platforma <a href=\"https:\/\/unicampus.ro\">Unicampus<\/a> \u0219i apoi s\u0103 v\u0103 <a href=\"https:\/\/unicampus.ro\/cursuri\/course\/view.php?id=183\">\u00eenscrie\u021bi la miniMOOC-uri<\/a>.<\/p>\n\n\n\n<p>Platforma are o aplica\u021bie mobil\u0103 Unicampus, pe care o pute\u021bi instala \u0219i utiliza pentru accesarea comod\u0103 de pe mobil\/tablet\u0103 a miniMOOC-urilor.<\/p>\n\n\n\n<p><a href=\"https:\/\/ebsi4ro.ro\/ro\/team\/\">Echipa EBSI4RO<\/a><\/p>","protected":false},"excerpt":{"rendered":"<p>V\u0103 invit\u0103m s\u0103 participa\u021bi la mini cursurile online masive deschise (miniMOOC) dezvoltate \u00een cadrul proiectului \u201cEBSI4RO: Connecting Romania through Blockchain\u201d, de c\u0103tre partenerii UEFISCDI \u0219i UPT. Scopul acestora este facilitarea cunoa\u0219terii \u0219i adopt\u0103rii tehnologiei Blockchain \u0219i a infrastructurii europene de servicii Blockchain (European Blockchain Services Infrastructure \u2013 EBSI), de c\u0103tre<span class=\"more-link\"><a href=\"https:\/\/ebsi4ro.ro\/ro\/learn\/\">Read More &rarr;<\/a><\/span><\/p>","protected":false},"author":2,"featured_media":0,"parent":0,"menu_order":0,"comment_status":"closed","ping_status":"closed","template":"","meta":{"_monsterinsights_skip_tracking":false,"_monsterinsights_sitenote_active":false,"_monsterinsights_sitenote_note":"","_monsterinsights_sitenote_category":0,"footnotes":""},"class_list":["entry","author-carmenh","post-55","page","type-page","status-publish"],"yoast_head":"<!-- This site is optimized with the Yoast SEO plugin v17.7.1 - https:\/\/yoast.com\/wordpress\/plugins\/seo\/ -->\n<title>miniMOOCs - EBSI4RO<\/title>\n<meta name=\"robots\" content=\"index, follow, max-snippet:-1, max-image-preview:large, max-video-preview:-1\" \/>\n<link rel=\"canonical\" href=\"https:\/\/ebsi4ro.ro\/ro\/learn\/\" \/>\n<meta property=\"og:locale\" content=\"ro_RO\" \/>\n<meta property=\"og:type\" content=\"article\" \/>\n<meta property=\"og:title\" content=\"miniMOOCs - EBSI4RO\" \/>\n<meta property=\"og:description\" content=\"V\u0103 invit\u0103m s\u0103 participa\u021bi la mini cursurile online masive deschise (miniMOOC) dezvoltate \u00een cadrul proiectului \u201cEBSI4RO: Connecting Romania through Blockchain\u201d, de c\u0103tre partenerii UEFISCDI \u0219i UPT. Scopul acestora este facilitarea cunoa\u0219terii \u0219i adopt\u0103rii tehnologiei Blockchain \u0219i a infrastructurii europene de servicii Blockchain (European Blockchain Services Infrastructure \u2013 EBSI), de c\u0103treRead More &rarr;\" \/>\n<meta property=\"og:url\" content=\"https:\/\/ebsi4ro.ro\/ro\/learn\/\" \/>\n<meta property=\"og:site_name\" content=\"EBSI4RO\" \/>\n<meta property=\"article:modified_time\" content=\"2022-12-09T09:18:35+00:00\" \/>\n<meta name=\"twitter:card\" content=\"summary_large_image\" \/>\n<meta name=\"twitter:label1\" content=\"Timp estimat pentru citire\" \/>\n\t<meta name=\"twitter:data1\" content=\"2 minute\" \/>\n<script type=\"application\/ld+json\" class=\"yoast-schema-graph\">{\"@context\":\"https:\/\/schema.org\",\"@graph\":[{\"@type\":\"WebSite\",\"@id\":\"https:\/\/ebsi4ro.ro\/#website\",\"url\":\"https:\/\/ebsi4ro.ro\/\",\"name\":\"EBSI4RO\",\"description\":\"Connecting Romania through Blockchain\",\"potentialAction\":[{\"@type\":\"SearchAction\",\"target\":{\"@type\":\"EntryPoint\",\"urlTemplate\":\"https:\/\/ebsi4ro.ro\/?s={search_term_string}\"},\"query-input\":\"required name=search_term_string\"}],\"inLanguage\":\"ro-RO\"},{\"@type\":\"WebPage\",\"@id\":\"https:\/\/ebsi4ro.ro\/learn\/#webpage\",\"url\":\"https:\/\/ebsi4ro.ro\/learn\/\",\"name\":\"miniMOOCs - EBSI4RO\",\"isPartOf\":{\"@id\":\"https:\/\/ebsi4ro.ro\/#website\"},\"datePublished\":\"2021-06-30T20:47:03+00:00\",\"dateModified\":\"2022-12-09T09:18:35+00:00\",\"breadcrumb\":{\"@id\":\"https:\/\/ebsi4ro.ro\/learn\/#breadcrumb\"},\"inLanguage\":\"ro-RO\",\"potentialAction\":[{\"@type\":\"ReadAction\",\"target\":[\"https:\/\/ebsi4ro.ro\/learn\/\"]}]},{\"@type\":\"BreadcrumbList\",\"@id\":\"https:\/\/ebsi4ro.ro\/learn\/#breadcrumb\",\"itemListElement\":[{\"@type\":\"ListItem\",\"position\":1,\"name\":\"Home\",\"item\":\"https:\/\/ebsi4ro.ro\/\"},{\"@type\":\"ListItem\",\"position\":2,\"name\":\"miniMOOCs\"}]}]}<\/script>\n<!-- \/ Yoast SEO plugin. -->","yoast_head_json":{"title":"miniMOOCs - EBSI4RO","robots":{"index":"index","follow":"follow","max-snippet":"max-snippet:-1","max-image-preview":"max-image-preview:large","max-video-preview":"max-video-preview:-1"},"canonical":"https:\/\/ebsi4ro.ro\/ro\/learn\/","og_locale":"ro_RO","og_type":"article","og_title":"miniMOOCs - EBSI4RO","og_description":"V\u0103 invit\u0103m s\u0103 participa\u021bi la mini cursurile online masive deschise (miniMOOC) dezvoltate \u00een cadrul proiectului \u201cEBSI4RO: Connecting Romania through Blockchain\u201d, de c\u0103tre partenerii UEFISCDI \u0219i UPT. Scopul acestora este facilitarea cunoa\u0219terii \u0219i adopt\u0103rii tehnologiei Blockchain \u0219i a infrastructurii europene de servicii Blockchain (European Blockchain Services Infrastructure \u2013 EBSI), de c\u0103treRead More &rarr;","og_url":"https:\/\/ebsi4ro.ro\/ro\/learn\/","og_site_name":"EBSI4RO","article_modified_time":"2022-12-09T09:18:35+00:00","twitter_card":"summary_large_image","twitter_misc":{"Timp estimat pentru citire":"2 minute"},"schema":{"@context":"https:\/\/schema.org","@graph":[{"@type":"WebSite","@id":"https:\/\/ebsi4ro.ro\/#website","url":"https:\/\/ebsi4ro.ro\/","name":"EBSI4RO","description":"Connecting Romania through Blockchain","potentialAction":[{"@type":"SearchAction","target":{"@type":"EntryPoint","urlTemplate":"https:\/\/ebsi4ro.ro\/?s={search_term_string}"},"query-input":"required name=search_term_string"}],"inLanguage":"ro-RO"},{"@type":"WebPage","@id":"https:\/\/ebsi4ro.ro\/learn\/#webpage","url":"https:\/\/ebsi4ro.ro\/learn\/","name":"miniMOOCs - EBSI4RO","isPartOf":{"@id":"https:\/\/ebsi4ro.ro\/#website"},"datePublished":"2021-06-30T20:47:03+00:00","dateModified":"2022-12-09T09:18:35+00:00","breadcrumb":{"@id":"https:\/\/ebsi4ro.ro\/learn\/#breadcrumb"},"inLanguage":"ro-RO","potentialAction":[{"@type":"ReadAction","target":["https:\/\/ebsi4ro.ro\/learn\/"]}]},{"@type":"BreadcrumbList","@id":"https:\/\/ebsi4ro.ro\/learn\/#breadcrumb","itemListElement":[{"@type":"ListItem","position":1,"name":"Home","item":"https:\/\/ebsi4ro.ro\/"},{"@type":"ListItem","position":2,"name":"miniMOOCs"}]}]}},"_links":{"self":[{"href":"https:\/\/ebsi4ro.ro\/ro\/wp-json\/wp\/v2\/pages\/55","targetHints":{"allow":["GET"]}}],"collection":[{"href":"https:\/\/ebsi4ro.ro\/ro\/wp-json\/wp\/v2\/pages"}],"about":[{"href":"https:\/\/ebsi4ro.ro\/ro\/wp-json\/wp\/v2\/types\/page"}],"author":[{"embeddable":true,"href":"https:\/\/ebsi4ro.ro\/ro\/wp-json\/wp\/v2\/users\/2"}],"replies":[{"embeddable":true,"href":"https:\/\/ebsi4ro.ro\/ro\/wp-json\/wp\/v2\/comments?post=55"}],"version-history":[{"count":9,"href":"https:\/\/ebsi4ro.ro\/ro\/wp-json\/wp\/v2\/pages\/55\/revisions"}],"predecessor-version":[{"id":670,"href":"https:\/\/ebsi4ro.ro\/ro\/wp-json\/wp\/v2\/pages\/55\/revisions\/670"}],"wp:attachment":[{"href":"https:\/\/ebsi4ro.ro\/ro\/wp-json\/wp\/v2\/media?parent=55"}],"curies":[{"name":"wp","href":"https:\/\/api.w.org\/{rel}","templated":true}]}}