{"id":53,"date":"2021-06-30T22:45:14","date_gmt":"2021-06-30T20:45:14","guid":{"rendered":"https:\/\/ebsi4ro.ro\/?page_id=53"},"modified":"2022-02-18T22:06:33","modified_gmt":"2022-02-18T20:06:33","slug":"partners","status":"publish","type":"page","link":"https:\/\/ebsi4ro.ro\/ro\/partners\/","title":{"rendered":"Parteneri"},"content":{"rendered":"<figure class=\"wp-block-image\"><img loading=\"lazy\" decoding=\"async\" src=\"https:\/\/ebsi4ro.ro\/wp-content\/uploads\/2021\/08\/uefiscdi-sigla.png\" alt=\"UEFISCDI\" width=\"396\" height=\"143\"><\/figure>\n\n\n\n<p><a href=\"https:\/\/uefiscdi.gov.ro\" target=\"_blank\" rel=\"noreferrer noopener\">Agen\u021bia Executiv\u0103 pentru Finan\u021barea \u00cenv\u0103\u021b\u0103m\u00e2ntului Superior, Cercet\u0103rii, Dezvoltarii \u0219i Inov\u0103rii (UEFISCDI)<\/a><\/p>\n\n\n\n<p>Agen\u021bia Executiv\u0103 pentru Finan\u021barea \u00cenv\u0103\u021b\u0103m\u00e2ntului Superior, Cercet\u0103rii, Dezvolt\u0103rii \u0219i Inov\u0103rii (UEFISCDI) este o institu\u021bie public\u0103 aflat\u0103 sub autoritatea ultim\u0103 a Ministerului Educa\u021biei Na\u021bionale (MEN), care, prin experien\u021ba na\u021bional\u0103 \u0219i interna\u021bional\u0103 a proiectelor \u0219i activit\u0103\u021bilor de finan\u021bare \u00een derulare, are cuno\u0219tin\u021be acumulate pentru implementarea sistemelor de e-administrare, \u00een vederea utiliz\u0103rii lor la nivel na\u021bional \u00een r\u00e2ndul personalului administra\u021biei publice. UEFISCDI, prin experien\u021ba sa \u00een gestionarea resurselor financiare pentru a sprijini extinderea \u00eenv\u0103\u021b\u0103m\u00e2ntului superior \u0219i a cercet\u0103rii \u0219tiin\u021bifice, a dezvoltat o serie de module open-source pentru \u00eembun\u0103t\u0103\u021birea comunic\u0103rii cu institu\u021biile administra\u021biei publice, sectorul de afaceri \u0219i, nu \u00een ultimul r\u00e2nd, cu cercet\u0103torii \u0219i cet\u0103\u021benii. Un aspect important de men\u021bionat este legat de leg\u0103tura UEFISCDI cu universit\u0103\u021bile, dat fiind faptul c\u0103 UEFISCDI este agen\u021bia de finan\u021bare din Rom\u00e2nia \u0219i, \u00een acela\u0219i timp, dezvoltatorul Platformei Na\u021bionale de \u00censcriere a Studen\u021bilor (RMU), care a fost lansat\u0103 pentru prima dat\u0103 \u00een 2010 \u0219i actualizat\u0103. \u00een mod constant.<\/p>\n\n\n\n<p><em>Adresa:<\/em><br> Mendeleev 21-25 Street,<br> 010362 Bucharest, Romania<\/p>\n\n\n\n<p><\/p>\n\n\n\n<figure class=\"wp-block-image\"><img decoding=\"async\" src=\"https:\/\/ebsi4ro.ro\/wp-content\/uploads\/2021\/08\/logo_UPT-1024x350-1.jpg\" alt=\"UPT\" width=\"396\"><\/figure>\n\n\n\n<p><a href=\"https:\/\/upt.ro\" target=\"_blank\" rel=\"noreferrer noopener\">Universitatea Politehnica din Timisoara, Romania (UPT)<\/a><\/p>\n\n\n\n<p>Universitatea Politehnica din Timisoara a fost infiintata in noiembrie 1920, prin Decret Regal. Acum, are 10 facult\u0103\u021bi (care acoper\u0103 toate domeniile tehnice), aproximativ 950 de cadre didactice, 900 de personal administrativ \u0219i 15.000 de studen\u021bi cu norm\u0103 \u00eentreag\u0103. Ofer\u0103 studii de licen\u021b\u0103 \u00een inginerie, diplome de master \u0219i studii doctorale. Universitatea a \u00eenfiin\u021bat o serie de centre, cum ar fi: Centrul Multimedia, Centrul de Educa\u021bie Continu\u0103 \u0219i Centrul de eLearning, precum \u0219i propriul studio TV TeleUniversity. Centrul de eLearning a dezvoltat \u0219i sprijin\u0103 mediul online inovator deschis ViCaDiS \u2013 un campus virtual pentru studen\u021bi digitali, dedicat cursurilor interna\u021bionale deschise, mobilit\u0103\u021bilor virtuale \u0219i cursurilor de formare online pentru industrie. Centrul Multimedia are o experien\u021b\u0103 vast\u0103 \u00een tehnologii multimedia, dezvoltarea de aplica\u021bii web \u0219i mobile, medii online \u0219i software social, Web 2.0, precum \u0219i \u00een cercetare \u00een domeniul blockchain, recunoa\u0219tere a imaginilor, date deschise, realitate augmentat\u0103, ora\u0219e inteligente.<\/p>\n\n\n\n<p><em>Adresa:<\/em><br>Piata Victoriei Nr. 2,<br>300006 Timisoara, Romania<\/p>\n\n\n\n<p>&nbsp;<\/p>","protected":false},"excerpt":{"rendered":"<p>Executive Agency for Higher Education, Research, Development and Innovation Funding (UEFISCDI) The Executive Agency for Higher Education, Research, Development and Innovation Funding (UEFISCDI) is a public institution under the ultimate authority of the Ministry of National Education (MEN), which, through the national and international experience of ongoing projects and financing<span class=\"more-link\"><a href=\"https:\/\/ebsi4ro.ro\/ro\/partners\/\">Read More &rarr;<\/a><\/span><\/p>","protected":false},"author":2,"featured_media":0,"parent":0,"menu_order":0,"comment_status":"closed","ping_status":"closed","template":"","meta":{"_monsterinsights_skip_tracking":false,"_monsterinsights_sitenote_active":false,"_monsterinsights_sitenote_note":"","_monsterinsights_sitenote_category":0,"footnotes":""},"class_list":["entry","author-carmenh","post-53","page","type-page","status-publish"],"yoast_head":"<!-- This site is optimized with the Yoast SEO plugin v17.7.1 - https:\/\/yoast.com\/wordpress\/plugins\/seo\/ -->\n<title>Partners - EBSI4RO<\/title>\n<meta name=\"robots\" content=\"index, follow, max-snippet:-1, max-image-preview:large, max-video-preview:-1\" \/>\n<link rel=\"canonical\" href=\"https:\/\/ebsi4ro.ro\/ro\/partners\/\" \/>\n<meta property=\"og:locale\" content=\"ro_RO\" \/>\n<meta property=\"og:type\" content=\"article\" \/>\n<meta property=\"og:title\" content=\"Partners - EBSI4RO\" \/>\n<meta property=\"og:description\" content=\"Executive Agency for Higher Education, Research, Development and Innovation Funding (UEFISCDI) The Executive Agency for Higher Education, Research, Development and Innovation Funding (UEFISCDI) is a public institution under the ultimate authority of the Ministry of National Education (MEN), which, through the national and international experience of ongoing projects and financingRead More &rarr;\" \/>\n<meta property=\"og:url\" content=\"https:\/\/ebsi4ro.ro\/ro\/partners\/\" \/>\n<meta property=\"og:site_name\" content=\"EBSI4RO\" \/>\n<meta property=\"article:modified_time\" content=\"2022-02-18T20:06:33+00:00\" \/>\n<meta property=\"og:image\" content=\"https:\/\/ebsi4ro.ro\/wp-content\/uploads\/2021\/08\/uefiscdi-sigla.png\" \/>\n<meta name=\"twitter:card\" content=\"summary_large_image\" \/>\n<meta name=\"twitter:label1\" content=\"Timp estimat pentru citire\" \/>\n\t<meta name=\"twitter:data1\" content=\"2 minute\" \/>\n<script type=\"application\/ld+json\" class=\"yoast-schema-graph\">{\"@context\":\"https:\/\/schema.org\",\"@graph\":[{\"@type\":\"WebSite\",\"@id\":\"https:\/\/ebsi4ro.ro\/#website\",\"url\":\"https:\/\/ebsi4ro.ro\/\",\"name\":\"EBSI4RO\",\"description\":\"Connecting Romania through Blockchain\",\"potentialAction\":[{\"@type\":\"SearchAction\",\"target\":{\"@type\":\"EntryPoint\",\"urlTemplate\":\"https:\/\/ebsi4ro.ro\/?s={search_term_string}\"},\"query-input\":\"required name=search_term_string\"}],\"inLanguage\":\"ro-RO\"},{\"@type\":\"ImageObject\",\"@id\":\"https:\/\/ebsi4ro.ro\/partners\/#primaryimage\",\"inLanguage\":\"ro-RO\",\"url\":\"https:\/\/ebsi4ro.ro\/wp-content\/uploads\/2021\/08\/uefiscdi-sigla.png\",\"contentUrl\":\"https:\/\/ebsi4ro.ro\/wp-content\/uploads\/2021\/08\/uefiscdi-sigla.png\",\"width\":791,\"height\":285},{\"@type\":\"WebPage\",\"@id\":\"https:\/\/ebsi4ro.ro\/partners\/#webpage\",\"url\":\"https:\/\/ebsi4ro.ro\/partners\/\",\"name\":\"Partners - EBSI4RO\",\"isPartOf\":{\"@id\":\"https:\/\/ebsi4ro.ro\/#website\"},\"primaryImageOfPage\":{\"@id\":\"https:\/\/ebsi4ro.ro\/partners\/#primaryimage\"},\"datePublished\":\"2021-06-30T20:45:14+00:00\",\"dateModified\":\"2022-02-18T20:06:33+00:00\",\"breadcrumb\":{\"@id\":\"https:\/\/ebsi4ro.ro\/partners\/#breadcrumb\"},\"inLanguage\":\"ro-RO\",\"potentialAction\":[{\"@type\":\"ReadAction\",\"target\":[\"https:\/\/ebsi4ro.ro\/partners\/\"]}]},{\"@type\":\"BreadcrumbList\",\"@id\":\"https:\/\/ebsi4ro.ro\/partners\/#breadcrumb\",\"itemListElement\":[{\"@type\":\"ListItem\",\"position\":1,\"name\":\"Home\",\"item\":\"https:\/\/ebsi4ro.ro\/\"},{\"@type\":\"ListItem\",\"position\":2,\"name\":\"Partners\"}]}]}<\/script>\n<!-- \/ Yoast SEO plugin. -->","yoast_head_json":{"title":"Partners - EBSI4RO","robots":{"index":"index","follow":"follow","max-snippet":"max-snippet:-1","max-image-preview":"max-image-preview:large","max-video-preview":"max-video-preview:-1"},"canonical":"https:\/\/ebsi4ro.ro\/ro\/partners\/","og_locale":"ro_RO","og_type":"article","og_title":"Partners - EBSI4RO","og_description":"Executive Agency for Higher Education, Research, Development and Innovation Funding (UEFISCDI) The Executive Agency for Higher Education, Research, Development and Innovation Funding (UEFISCDI) is a public institution under the ultimate authority of the Ministry of National Education (MEN), which, through the national and international experience of ongoing projects and financingRead More &rarr;","og_url":"https:\/\/ebsi4ro.ro\/ro\/partners\/","og_site_name":"EBSI4RO","article_modified_time":"2022-02-18T20:06:33+00:00","og_image":[{"url":"https:\/\/ebsi4ro.ro\/wp-content\/uploads\/2021\/08\/uefiscdi-sigla.png"}],"twitter_card":"summary_large_image","twitter_misc":{"Timp estimat pentru citire":"2 minute"},"schema":{"@context":"https:\/\/schema.org","@graph":[{"@type":"WebSite","@id":"https:\/\/ebsi4ro.ro\/#website","url":"https:\/\/ebsi4ro.ro\/","name":"EBSI4RO","description":"Connecting Romania through Blockchain","potentialAction":[{"@type":"SearchAction","target":{"@type":"EntryPoint","urlTemplate":"https:\/\/ebsi4ro.ro\/?s={search_term_string}"},"query-input":"required name=search_term_string"}],"inLanguage":"ro-RO"},{"@type":"ImageObject","@id":"https:\/\/ebsi4ro.ro\/partners\/#primaryimage","inLanguage":"ro-RO","url":"https:\/\/ebsi4ro.ro\/wp-content\/uploads\/2021\/08\/uefiscdi-sigla.png","contentUrl":"https:\/\/ebsi4ro.ro\/wp-content\/uploads\/2021\/08\/uefiscdi-sigla.png","width":791,"height":285},{"@type":"WebPage","@id":"https:\/\/ebsi4ro.ro\/partners\/#webpage","url":"https:\/\/ebsi4ro.ro\/partners\/","name":"Partners - EBSI4RO","isPartOf":{"@id":"https:\/\/ebsi4ro.ro\/#website"},"primaryImageOfPage":{"@id":"https:\/\/ebsi4ro.ro\/partners\/#primaryimage"},"datePublished":"2021-06-30T20:45:14+00:00","dateModified":"2022-02-18T20:06:33+00:00","breadcrumb":{"@id":"https:\/\/ebsi4ro.ro\/partners\/#breadcrumb"},"inLanguage":"ro-RO","potentialAction":[{"@type":"ReadAction","target":["https:\/\/ebsi4ro.ro\/partners\/"]}]},{"@type":"BreadcrumbList","@id":"https:\/\/ebsi4ro.ro\/partners\/#breadcrumb","itemListElement":[{"@type":"ListItem","position":1,"name":"Home","item":"https:\/\/ebsi4ro.ro\/"},{"@type":"ListItem","position":2,"name":"Partners"}]}]}},"_links":{"self":[{"href":"https:\/\/ebsi4ro.ro\/ro\/wp-json\/wp\/v2\/pages\/53","targetHints":{"allow":["GET"]}}],"collection":[{"href":"https:\/\/ebsi4ro.ro\/ro\/wp-json\/wp\/v2\/pages"}],"about":[{"href":"https:\/\/ebsi4ro.ro\/ro\/wp-json\/wp\/v2\/types\/page"}],"author":[{"embeddable":true,"href":"https:\/\/ebsi4ro.ro\/ro\/wp-json\/wp\/v2\/users\/2"}],"replies":[{"embeddable":true,"href":"https:\/\/ebsi4ro.ro\/ro\/wp-json\/wp\/v2\/comments?post=53"}],"version-history":[{"count":9,"href":"https:\/\/ebsi4ro.ro\/ro\/wp-json\/wp\/v2\/pages\/53\/revisions"}],"predecessor-version":[{"id":343,"href":"https:\/\/ebsi4ro.ro\/ro\/wp-json\/wp\/v2\/pages\/53\/revisions\/343"}],"wp:attachment":[{"href":"https:\/\/ebsi4ro.ro\/ro\/wp-json\/wp\/v2\/media?parent=53"}],"curies":[{"name":"wp","href":"https:\/\/api.w.org\/{rel}","templated":true}]}}