{"id":272,"date":"2022-01-31T18:10:14","date_gmt":"2022-01-31T16:10:14","guid":{"rendered":"https:\/\/ebsi4ro.ro\/?page_id=272"},"modified":"2023-05-02T11:06:58","modified_gmt":"2023-05-02T09:06:58","slug":"outputs","status":"publish","type":"page","link":"https:\/\/ebsi4ro.ro\/ro\/outputs\/","title":{"rendered":"Workshops"},"content":{"rendered":"<div data-elementor-type=\"wp-page\" data-elementor-id=\"272\" class=\"elementor elementor-272\" data-elementor-settings=\"[]\">\n\t\t\t\t\t\t\t<div class=\"elementor-section-wrap\">\n\t\t\t\t\t\t\t<section class=\"elementor-section elementor-top-section elementor-element elementor-element-26730b0 elementor-section-boxed elementor-section-height-default elementor-section-height-default\" data-id=\"26730b0\" data-element_type=\"section\">\n\t\t\t\t\t\t<div class=\"elementor-container elementor-column-gap-default\">\n\t\t\t\t\t<div class=\"elementor-column elementor-col-100 elementor-top-column elementor-element elementor-element-fb251cc\" data-id=\"fb251cc\" data-element_type=\"column\">\n\t\t\t<div class=\"elementor-widget-wrap elementor-element-populated\">\n\t\t\t\t\t\t\t\t<div class=\"elementor-element elementor-element-d7ca0e1 elementor-widget elementor-widget-text-editor\" data-id=\"d7ca0e1\" data-element_type=\"widget\" data-widget_type=\"text-editor.default\">\n\t\t\t\t<div class=\"elementor-widget-container\">\n\t\t\t\t\t\t\t<p>During the project, there were organized seven online\/blended workshops which are presented below, with participants from universities, schools, public institutions, companies, and start-ups.<\/p><p>With important experience in organizing international blended workshops and conferences, these training events were organized by the Politehnica University of Timisoara, through the eLearning and Multimedia Centers, coordinated by Dr.Diana Andone and Prof.Dr.Radu Vasiu. Dr.Cosmin Cioranu, the coordinator of the project, took part in 3 of them.<\/p><p>For all the workshops, there were created dedicated pages on the UPT eLearning Center (CeL) site, with live streaming on Facebook (on the pages of EBSI4RO \u2013 <a href=\"https:\/\/facebook.com\/ebsi4ro\">https:\/\/facebook.com\/ebsi4ro<\/a> and CeL &#8211; <a href=\"https:\/\/www.facebook.com\/CIDUPT\">https:\/\/www.facebook.com\/CIDUPT<\/a>) and Youtube (CeL channel &#8211; <a href=\"https:\/\/www.youtube.com\/@cidupt\">https:\/\/www.youtube.com\/@cidupt<\/a>).<\/p><p>On the Unicampus platform, MOOCs will be opened starting from videos of the events and specific activities, thus all these materials with open licenses can be accessed by new individuals wanting to be informed on the Blockchain and EBSI topics.<\/p><p>The workshops were followed by\u00a02739\u00a0 persons, and 1450 Open Badges were issued to the registered participants. At the moment the EBSI network will be stable, the participants will be able to request UPT to issue Micro-credentials to be stored in their own wallets, using the Credentialing System developed by the project team.<\/p><ol><li><strong>Workshop Digital Skills for Education and Culture<\/strong>\u00a0\u2013 3 December 2021 \u2013 online international workshop<\/li><li><strong>Workshop Innovation in Education. EBSI4RO Connecting Romania through Blockchain<\/strong>\u00a0\u2013 February 23rd, 2022 \u2013 online international workshop<\/li><li><strong>Workshop Open Education Week 2022<\/strong>\u00a0\u2013 11 March 2022 \u2013 online international workshop<\/li><li><strong>Workshop on Digital Transformation: Experiences in Digital Education<\/strong>\u00a0\u2013 16 June 2022 \u2013 blended international workshop<\/li><li><strong>Workshop Digital Skills for Education &amp; Innovation<\/strong>\u00a0\u2013 9 December 2022 \u2013 blended international workshop<\/li><li><strong>Workshop Open Education Week: Experiences in Open Education<\/strong>\u00a0\u2013 3 March 2023 \u2013 blended international workshop \u2013 final event for EBSI4RO<\/li><li><strong>Workshop Digitization of Education through AR\/VR\/XR and Blockchain technologies, Smart Diaspora 2023. Diaspora in Higher Education, Science, Innovation and Entrepreneurship \u2013 11-12 April 2023<\/strong>\u00a0\u2013 blended international workshop<\/li><\/ol><p>\u00a0<\/p><ol><li><strong> Workshop Digital Skills for Education and Culture<\/strong> &#8211; 3 December 2021 \u2013 online international workshop<\/li><\/ol><p><img loading=\"lazy\" decoding=\"async\" src=\"https:\/\/ebsi4ro.ro\/wp-content\/uploads\/2023\/04\/wks1-1.png\" alt=\"\" width=\"614\" height=\"610\" \/><\/p><p>Event page: <a href=\"https:\/\/elearning.upt.ro\/ro\/comunitate\/digital-skills-for-education-culture-workshopworkshop-competente-digitale-pentru-educatie-si-cultura\/\">https:\/\/elearning.upt.ro\/ro\/comunitate\/digital-skills-for-education-culture-workshopworkshop-competente-digitale-pentru-educatie-si-cultura\/<\/a><\/p><p>Presentation:<\/p><p>Radu Vasiu, Carmen Holotescu, Victor Holotescu:<\/p><p>Blockchain in Education. EBSI4RO: Connecting Romania through Blockchain<\/p><p><img loading=\"lazy\" decoding=\"async\" src=\"https:\/\/ebsi4ro.ro\/wp-content\/uploads\/2023\/04\/wks1-2.png\" alt=\"\" width=\"908\" height=\"514\" \/><\/p><p><img loading=\"lazy\" decoding=\"async\" src=\"https:\/\/ebsi4ro.ro\/wp-content\/uploads\/2023\/04\/wks1-3.png\" alt=\"\" width=\"908\" height=\"276\" \/><\/p><p><img loading=\"lazy\" decoding=\"async\" src=\"https:\/\/ebsi4ro.ro\/wp-content\/uploads\/2023\/04\/wks1-4.png\" alt=\"\" width=\"908\" height=\"270\" \/><\/p><p>Number of participants: 583<\/p><p>Number of open badges issued: 572<\/p><p>Video: <a href=\"https:\/\/www.facebook.com\/CIDUPT\/videos\/272010411574370\">https:\/\/www.facebook.com\/CIDUPT\/videos\/27201041157437<\/a><\/p><ol start=\"2\"><li><strong>Workshop Innovation in Education. EBSI4RO Connecting Romania through Blockchain<\/strong> &#8211; February 23<sup>rd<\/sup>, 2022 \u2013 online international workshop<\/li><\/ol><p><img loading=\"lazy\" decoding=\"async\" src=\"https:\/\/ebsi4ro.ro\/wp-content\/uploads\/2023\/04\/wks2-1.png\" alt=\"\" width=\"1390\" height=\"785\" \/>Event page: <a href=\"https:\/\/elearning.upt.ro\/en\/comunitate\/webinar-construimimpreuna-3-blockchain-in-educatie-prin-proiectul-ebsi4ro\/\">https:\/\/elearning.upt.ro\/en\/comunitate\/webinar-construimimpreuna-3-blockchain-in-educatie-prin-proiectul-ebsi4ro\/<\/a><\/p><p>Presentations:<\/p><p>Llu\u00eds Alfons Ari\u00f1o Martin &#8211; CIO Rovira i Virgili University, Spain, Convenor Diplomas Use Case, European Blockchain Partnership (EBP):<\/p><p>Diploma Use Case and EBSI<\/p><p>Dr. Catalin Iapa &#8211; Authority for the Digitization of Romania:<\/p><p>Emerging technologies projects at ADR<\/p><p>Conf.dr.ing. Florin Dragan \u2013 Rector UPT:<\/p><p>The importance of the EBSI4RO projects for UPT<\/p><p>Dr. Cosmin Cioranu &#8211; Project Coordinator EBSI4RO, UEFISCDI:<\/p><p>The National Student Enrolment Registry and the university diplomas recognition at European level<\/p><p>Prof.dr.ing. Radu Vasiu &#8211; Project Coordinator EBSI4RO, UPT:<\/p><p>Blockchain in Education. EBSI4RO: Connecting Romania through Blockchain<\/p><p>Prof.dr.ing. Carmen Holotescu &#8211; EBSI4RO team, UPT:<\/p><p>EBSI4RO in the context of the new EU strategies in Education<\/p><p>Drd. Victor Holotescu &#8211; EBSI4RO team, UPT:<\/p><p>EBSI4RO in the EBSI Early Adopters Programme. Steps in implementing the system for issuing diplomas and micro-credentials on EBSI<\/p><p>Dr. Diana Andone &#8211; EBSI4RO team, UPT:<\/p><p>Open Digital Certificates<\/p><p><img loading=\"lazy\" decoding=\"async\" src=\"https:\/\/ebsi4ro.ro\/wp-content\/uploads\/2023\/04\/wks2-2-1.png\" alt=\"\" width=\"908\" height=\"342\" \/><\/p><p><img loading=\"lazy\" decoding=\"async\" src=\"https:\/\/ebsi4ro.ro\/wp-content\/uploads\/2023\/04\/wks2-3.png\" alt=\"\" width=\"908\" height=\"540\" \/><\/p><p>Number of participants: 500<\/p><p>Number of open badges issued: 422<\/p><p>Video: <a href=\"https:\/\/www.youtube.com\/watch?v=mLkOUK91BL8\">https:\/\/www.youtube.com\/watch?v=mLkOUK91BL8<\/a><\/p><ol start=\"3\"><li><strong>Workshop Open Education Week 2022<\/strong> \u2013 11 March 2022 \u2013 online international workshop<\/li><\/ol><p><img loading=\"lazy\" decoding=\"async\" src=\"https:\/\/ebsi4ro.ro\/wp-content\/uploads\/2023\/04\/wks2-1.jpeg\" alt=\"\" width=\"526\" height=\"526\" \/><\/p><p>Event page: <a href=\"https:\/\/elearning.upt.ro\/en\/event\/open-education-week-workshop-2022\/\">https:\/\/elearning.upt.ro\/en\/event\/open-education-week-workshop-2022\/<\/a><\/p><p>Presentations:<\/p><p>Diana Andone:<\/p><p>Open Education and micro-credentials<\/p><p><img loading=\"lazy\" decoding=\"async\" src=\"https:\/\/ebsi4ro.ro\/wp-content\/uploads\/2023\/04\/wksx-3.png\" alt=\"\" width=\"1778\" height=\"1006\" \/><\/p><p>Carmen Holotescu. Gabriela Grosseck, Diana Andone:<\/p><p>A strategic reset: Micro-credentials for lifelong learning. The EBSI4RO project approach<\/p><p><img loading=\"lazy\" decoding=\"async\" src=\"https:\/\/ebsi4ro.ro\/wp-content\/uploads\/2023\/04\/wks2-2.png\" alt=\"\" width=\"908\" height=\"550\" \/><\/p><p>Number of participants: 722<\/p><p>Number of open badges issued: 456<\/p><p>Video: <a href=\"https:\/\/www.facebook.com\/CIDUPT\/videos\/1007253299873755\">https:\/\/www.facebook.com\/CIDUPT\/videos\/1007253299873755<\/a><\/p><ol start=\"4\"><li><strong>Workshop on Digital Transformation: Experiences in Digital Education<\/strong> &#8211; 16 June 2022 \u2013 blended international workshop<\/li><\/ol><p><img loading=\"lazy\" decoding=\"async\" src=\"https:\/\/ebsi4ro.ro\/wp-content\/uploads\/2023\/04\/wks4-1.jpeg\" alt=\"\" width=\"526\" height=\"526\" \/><\/p><p>Event page: <a href=\"https:\/\/elearning.upt.ro\/en\/event\/workshop-international-transformare-digitala-editia-1-experiente-in-educatia-digitala\/\">https:\/\/elearning.upt.ro\/en\/event\/workshop-international-transformare-digitala-editia-1-experiente-in-educatia-digitala\/<\/a><\/p><p>Presentation:<\/p><p>Carmen Holotescu:<\/p><p>EBSI4RO MOOC: Blockchain Technologies and EBSI<\/p><p><img loading=\"lazy\" decoding=\"async\" src=\"https:\/\/ebsi4ro.ro\/wp-content\/uploads\/2023\/04\/wks4-2.png\" alt=\"\" width=\"1484\" height=\"732\" \/><\/p><p>Number of participants: 240<\/p><p>Video: <a href=\"https:\/\/www.facebook.com\/CIDUPT\/videos\/751375626221589\">https:\/\/www.facebook.com\/CIDUPT\/videos\/751375626221589<\/a><\/p><ol start=\"5\"><li><strong>Workshop Digital Skills for Education &amp; Innovation<\/strong> \u2013 9 December 2022 \u2013 blended international workshop<\/li><\/ol><p><img loading=\"lazy\" decoding=\"async\" src=\"https:\/\/ebsi4ro.ro\/wp-content\/uploads\/2023\/04\/wks5-1.jpeg\" alt=\"\" width=\"526\" height=\"526\" \/><\/p><p>Event page: <a href=\"https:\/\/elearning.upt.ro\/en\/event\/digital-skills-for-education-innovation-workshop-workshop-competente-digitale-pentru-educatie-si-inovare\/\">https:\/\/elearning.upt.ro\/en\/event\/digital-skills-for-education-innovation-workshop-workshop-competente-digitale-pentru-educatie-si-inovare\/<\/a><\/p><p>Presentations:<\/p><p>Carmen Holotescu:<\/p><p>EBSI4RO MiniMOOCs on Unicampus.ro, about Blockchain and European Blockchain Services Infrastructure<\/p><p>Victor Holotescu:<\/p><p>EBSI4RO Use cases in issuing Verifiable Credentials on EBSI by Politehnica University of Timisoara<\/p><p>Number of participants: 262<\/p><p>Video: <a href=\"https:\/\/www.facebook.com\/CIDUPT\/videos\/847647842954003\/\">https:\/\/www.facebook.com\/CIDUPT\/videos\/847647842954003\/<\/a><\/p><ol start=\"6\"><li><strong> Workshop Open Education Week: Experiences in Open Education<\/strong> \u2013 3 March 2023 \u2013 blended international workshop \u2013 final event for EBSI4RO<\/li><\/ol><p><img loading=\"lazy\" decoding=\"async\" src=\"https:\/\/ebsi4ro.ro\/wp-content\/uploads\/2023\/04\/wks6-1.jpeg\" alt=\"\" width=\"526\" height=\"526\" \/><\/p><p>Event page: <a href=\"https:\/\/elearning.upt.ro\/ro\/event\/open-education-week-workshop-2023\/\">https:\/\/elearning.upt.ro\/ro\/event\/open-education-week-workshop-2023\/<\/a><\/p><p>Presentations:<\/p><p>C\u0103talin Ionu\u021b Silvestru, University of Economic Studies &#8211; ASE, Bucharest Rom\u00e2nia, coordinator of CHAISE for the National Qualifications Authority \u2013 ANC (online)<\/p><p>CHAISE \u2013 A Blueprint for Sectoral Cooperation on Blockchain Skill Development<\/p><p>Carmen Holotescu \u2013 Outcomes of the project \u201eEBSI4RO: Connecting Romania through Blockchain\u201d in the context of the European Year of Skills<\/p><p>Llu\u00eds Alfons Ari\u00f1o Mart\u00edn, CIO Rovira i Virgili University, Convenor Diplomas Use Case, European Blockchain Partnership (EBP), Spain (online)<\/p><p>UC EBSI Diploma Status and Next Steps<\/p><p>Irina Tal, Dublin City University, Irlanda (online)<\/p><p>Blockchain Skills: are they still in demand?<\/p><p>Gabriela Grosseck, West University of Timisoara, Romania (EBSI4RO team member)<\/p><p>Supporting reskilling and upskilling through Micro-credentials<\/p><p>R\u0103zvan Hoinaru, Autoritatea pentru Digitalizarea Rom\u00e2niei (online)<\/p><p>Programs of the Authority for the Digitalization of Romania related to emerging technologies<\/p><p>Cosmin Cioranu, Project Coordinator EBSI4RO, Executive Unit for the Financing of Higher Education, Research, Development and Innovation (UEFISCDI)<\/p><p>The National Student Enrolment Registry and the diplomas certification on EBSI<\/p><p>Victor Holotescu, Andrei Ternauciuc, Politehnica University of Timi\u0219oara, Romania<\/p><p>Use cases in issuing university diplomas and micro-credentials as Verifiable Credentials on EBSI by Politehnica University of Timisoara<\/p><p>Number of participants: 307<\/p><p>Video: <a href=\"https:\/\/www.facebook.com\/CIDUPT\/videos\/153326354300102\">https:\/\/www.facebook.com\/CIDUPT\/videos\/153326354300102<\/a><\/p><ol start=\"7\"><li><strong>Workshop Digitization of Education through AR\/VR\/XR and Blockchain technologies, Smart Diaspora 2023. Diaspora in Higher Education, Science, Innovation and Entrepreneurship &#8211; 11-12 April 2023<\/strong> \u2013 blended international workshop<\/li><\/ol><p><img loading=\"lazy\" decoding=\"async\" src=\"https:\/\/ebsi4ro.ro\/wp-content\/uploads\/2023\/04\/wks7-1.png\" alt=\"\" width=\"1950\" height=\"1102\" \/><\/p><p>Event pages:<\/p><p><a href=\"https:\/\/www.diaspora-stiintifica.ro\/workshopuri\/digitalizarea-educatiei-prin-tehnologii-ar-vr-xr-si-blockchain\">https:\/\/www.diaspora-stiintifica.ro\/workshopuri\/digitalizarea-educatiei-prin-tehnologii-ar-vr-xr-si-blockchain\u00a0<\/a><\/p><p><a href=\"https:\/\/elearning.upt.ro\/ro\/noutati\/smart-diaspora-2023-diaspora-in-invatamant-superior-stiinta-inovare-si-antreprenoriat-digitalizarea-educatiei-prin-tehnologii-ar-vr-xr-si-blockchain\/\">https:\/\/elearning.upt.ro\/ro\/noutati\/smart-diaspora-2023-diaspora-in-invatamant-superior-stiinta-inovare-si-antreprenoriat-digitalizarea-educatiei-prin-tehnologii-ar-vr-xr-si-blockchain\/ <\/a><\/p><p><a href=\"https:\/\/elearning.upt.ro\/ro\/event\/smart-diaspora-2023-workshop-ar-vr-blockchain\/\">https:\/\/elearning.upt.ro\/ro\/event\/smart-diaspora-2023-workshop-ar-vr-blockchain\/<\/a><\/p><p>Presentations:<\/p><p>Video Session 1 &#8211; <a href=\"https:\/\/fb.watch\/j_obXxItxa\/\">https:\/\/fb.watch\/j_obXxItxa\/<\/a><\/p><p>Iosif Peterfi, Max Planck Society, Germania:<\/p><p>Why DeSci \u2013 Decentralized Science?<\/p><p>Iulian Ni\u021b\u0103, Blockchain Solutions EBSI, Luxembourg, European Blockchain Service Infrastructure (EBSI):<\/p><p>What is EBSI, what are the capabilities and the future plans?<\/p><p>Cosmin Cioranu, UEFISCDI:<\/p><p>The National Student Enrolment Registry and the diplomas certification via EBSI<\/p><p>Carmen Holotescu, UPT EBSI4RO team:<\/p><p>European Priorities for Blockchain in Education. EBSI4RO: Connecting Romania through Blockchain<\/p><p>Victor Holotescu, Andrei Ternauciuc, UPT:<\/p><p>Micro-credentials and EBSI. Integration in an educational platform<\/p><p>Video Session 3 &#8211; <a href=\"https:\/\/fb.watch\/j_oeG1BxeF\/\">https:\/\/fb.watch\/j_oeG1BxeF\/<\/a><\/p><p>Gabriela Grosseck, UPT EBSI4RO team:<\/p><p>Exploring the potential of Micro-credentials for higher education<\/p><p>Number of participants: 125<\/p>\t\t\t\t\t\t<\/div>\n\t\t\t\t<\/div>\n\t\t\t\t\t<\/div>\n\t\t<\/div>\n\t\t\t\t\t\t\t<\/div>\n\t\t<\/section>\n\t\t\t\t\t\t<\/div>\n\t\t\t\t\t<\/div>","protected":false},"excerpt":{"rendered":"<p>During the project, there were organized seven online\/blended workshops which are presented below, with participants from universities, schools, public institutions, companies, and start-ups. With important experience in organizing international blended workshops and conferences, these training events were organized by the Politehnica University of Timisoara, through the eLearning and Multimedia Centers,<span class=\"more-link\"><a href=\"https:\/\/ebsi4ro.ro\/ro\/outputs\/\">Read More &rarr;<\/a><\/span><\/p>","protected":false},"author":1,"featured_media":0,"parent":0,"menu_order":0,"comment_status":"closed","ping_status":"closed","template":"","meta":{"_monsterinsights_skip_tracking":false,"_monsterinsights_sitenote_active":false,"_monsterinsights_sitenote_note":"","_monsterinsights_sitenote_category":0,"footnotes":""},"class_list":["entry","author-adminebsi4ro","post-272","page","type-page","status-publish"],"yoast_head":"<!-- This site is optimized with the Yoast SEO plugin v17.7.1 - https:\/\/yoast.com\/wordpress\/plugins\/seo\/ -->\n<title>Workshops - EBSI4RO<\/title>\n<meta name=\"robots\" content=\"index, follow, max-snippet:-1, max-image-preview:large, max-video-preview:-1\" \/>\n<link rel=\"canonical\" href=\"https:\/\/ebsi4ro.ro\/ro\/outputs\/\" \/>\n<meta property=\"og:locale\" content=\"ro_RO\" \/>\n<meta property=\"og:type\" content=\"article\" \/>\n<meta property=\"og:title\" content=\"Workshops - EBSI4RO\" \/>\n<meta property=\"og:description\" content=\"During the project, there were organized seven online\/blended workshops which are presented below, with participants from universities, schools, public institutions, companies, and start-ups. With important experience in organizing international blended workshops and conferences, these training events were organized by the Politehnica University of Timisoara, through the eLearning and Multimedia Centers,Read More &rarr;\" \/>\n<meta property=\"og:url\" content=\"https:\/\/ebsi4ro.ro\/ro\/outputs\/\" \/>\n<meta property=\"og:site_name\" content=\"EBSI4RO\" \/>\n<meta property=\"article:modified_time\" content=\"2023-05-02T09:06:58+00:00\" \/>\n<meta property=\"og:image\" content=\"https:\/\/ebsi4ro.ro\/wp-content\/uploads\/2023\/04\/wks1-1.png\" \/>\n<meta name=\"twitter:card\" content=\"summary_large_image\" \/>\n<meta name=\"twitter:label1\" content=\"Timp estimat pentru citire\" \/>\n\t<meta name=\"twitter:data1\" content=\"5 minute\" \/>\n<script type=\"application\/ld+json\" class=\"yoast-schema-graph\">{\"@context\":\"https:\/\/schema.org\",\"@graph\":[{\"@type\":\"WebSite\",\"@id\":\"https:\/\/ebsi4ro.ro\/#website\",\"url\":\"https:\/\/ebsi4ro.ro\/\",\"name\":\"EBSI4RO\",\"description\":\"Connecting Romania through Blockchain\",\"potentialAction\":[{\"@type\":\"SearchAction\",\"target\":{\"@type\":\"EntryPoint\",\"urlTemplate\":\"https:\/\/ebsi4ro.ro\/?s={search_term_string}\"},\"query-input\":\"required name=search_term_string\"}],\"inLanguage\":\"ro-RO\"},{\"@type\":\"ImageObject\",\"@id\":\"https:\/\/ebsi4ro.ro\/outputs\/#primaryimage\",\"inLanguage\":\"ro-RO\",\"url\":\"https:\/\/ebsi4ro.ro\/wp-content\/uploads\/2023\/04\/wks1-1.png\",\"contentUrl\":\"https:\/\/ebsi4ro.ro\/wp-content\/uploads\/2023\/04\/wks1-1.png\",\"width\":614,\"height\":610},{\"@type\":\"WebPage\",\"@id\":\"https:\/\/ebsi4ro.ro\/outputs\/#webpage\",\"url\":\"https:\/\/ebsi4ro.ro\/outputs\/\",\"name\":\"Workshops - EBSI4RO\",\"isPartOf\":{\"@id\":\"https:\/\/ebsi4ro.ro\/#website\"},\"primaryImageOfPage\":{\"@id\":\"https:\/\/ebsi4ro.ro\/outputs\/#primaryimage\"},\"datePublished\":\"2022-01-31T16:10:14+00:00\",\"dateModified\":\"2023-05-02T09:06:58+00:00\",\"breadcrumb\":{\"@id\":\"https:\/\/ebsi4ro.ro\/outputs\/#breadcrumb\"},\"inLanguage\":\"ro-RO\",\"potentialAction\":[{\"@type\":\"ReadAction\",\"target\":[\"https:\/\/ebsi4ro.ro\/outputs\/\"]}]},{\"@type\":\"BreadcrumbList\",\"@id\":\"https:\/\/ebsi4ro.ro\/outputs\/#breadcrumb\",\"itemListElement\":[{\"@type\":\"ListItem\",\"position\":1,\"name\":\"Home\",\"item\":\"https:\/\/ebsi4ro.ro\/\"},{\"@type\":\"ListItem\",\"position\":2,\"name\":\"Workshops\"}]}]}<\/script>\n<!-- \/ Yoast SEO plugin. -->","yoast_head_json":{"title":"Workshops - EBSI4RO","robots":{"index":"index","follow":"follow","max-snippet":"max-snippet:-1","max-image-preview":"max-image-preview:large","max-video-preview":"max-video-preview:-1"},"canonical":"https:\/\/ebsi4ro.ro\/ro\/outputs\/","og_locale":"ro_RO","og_type":"article","og_title":"Workshops - EBSI4RO","og_description":"During the project, there were organized seven online\/blended workshops which are presented below, with participants from universities, schools, public institutions, companies, and start-ups. With important experience in organizing international blended workshops and conferences, these training events were organized by the Politehnica University of Timisoara, through the eLearning and Multimedia Centers,Read More &rarr;","og_url":"https:\/\/ebsi4ro.ro\/ro\/outputs\/","og_site_name":"EBSI4RO","article_modified_time":"2023-05-02T09:06:58+00:00","og_image":[{"url":"https:\/\/ebsi4ro.ro\/wp-content\/uploads\/2023\/04\/wks1-1.png"}],"twitter_card":"summary_large_image","twitter_misc":{"Timp estimat pentru citire":"5 minute"},"schema":{"@context":"https:\/\/schema.org","@graph":[{"@type":"WebSite","@id":"https:\/\/ebsi4ro.ro\/#website","url":"https:\/\/ebsi4ro.ro\/","name":"EBSI4RO","description":"Connecting Romania through Blockchain","potentialAction":[{"@type":"SearchAction","target":{"@type":"EntryPoint","urlTemplate":"https:\/\/ebsi4ro.ro\/?s={search_term_string}"},"query-input":"required name=search_term_string"}],"inLanguage":"ro-RO"},{"@type":"ImageObject","@id":"https:\/\/ebsi4ro.ro\/outputs\/#primaryimage","inLanguage":"ro-RO","url":"https:\/\/ebsi4ro.ro\/wp-content\/uploads\/2023\/04\/wks1-1.png","contentUrl":"https:\/\/ebsi4ro.ro\/wp-content\/uploads\/2023\/04\/wks1-1.png","width":614,"height":610},{"@type":"WebPage","@id":"https:\/\/ebsi4ro.ro\/outputs\/#webpage","url":"https:\/\/ebsi4ro.ro\/outputs\/","name":"Workshops - EBSI4RO","isPartOf":{"@id":"https:\/\/ebsi4ro.ro\/#website"},"primaryImageOfPage":{"@id":"https:\/\/ebsi4ro.ro\/outputs\/#primaryimage"},"datePublished":"2022-01-31T16:10:14+00:00","dateModified":"2023-05-02T09:06:58+00:00","breadcrumb":{"@id":"https:\/\/ebsi4ro.ro\/outputs\/#breadcrumb"},"inLanguage":"ro-RO","potentialAction":[{"@type":"ReadAction","target":["https:\/\/ebsi4ro.ro\/outputs\/"]}]},{"@type":"BreadcrumbList","@id":"https:\/\/ebsi4ro.ro\/outputs\/#breadcrumb","itemListElement":[{"@type":"ListItem","position":1,"name":"Home","item":"https:\/\/ebsi4ro.ro\/"},{"@type":"ListItem","position":2,"name":"Workshops"}]}]}},"_links":{"self":[{"href":"https:\/\/ebsi4ro.ro\/ro\/wp-json\/wp\/v2\/pages\/272","targetHints":{"allow":["GET"]}}],"collection":[{"href":"https:\/\/ebsi4ro.ro\/ro\/wp-json\/wp\/v2\/pages"}],"about":[{"href":"https:\/\/ebsi4ro.ro\/ro\/wp-json\/wp\/v2\/types\/page"}],"author":[{"embeddable":true,"href":"https:\/\/ebsi4ro.ro\/ro\/wp-json\/wp\/v2\/users\/1"}],"replies":[{"embeddable":true,"href":"https:\/\/ebsi4ro.ro\/ro\/wp-json\/wp\/v2\/comments?post=272"}],"version-history":[{"count":80,"href":"https:\/\/ebsi4ro.ro\/ro\/wp-json\/wp\/v2\/pages\/272\/revisions"}],"predecessor-version":[{"id":803,"href":"https:\/\/ebsi4ro.ro\/ro\/wp-json\/wp\/v2\/pages\/272\/revisions\/803"}],"wp:attachment":[{"href":"https:\/\/ebsi4ro.ro\/ro\/wp-json\/wp\/v2\/media?parent=272"}],"curies":[{"name":"wp","href":"https:\/\/api.w.org\/{rel}","templated":true}]}}