{"id":14,"date":"2021-06-02T10:03:15","date_gmt":"2021-06-02T10:03:15","guid":{"rendered":"https:\/\/ebsi4ro.ro\/?page_id=14"},"modified":"2022-02-19T00:30:08","modified_gmt":"2022-02-18T22:30:08","slug":"contact","status":"publish","type":"page","link":"https:\/\/ebsi4ro.ro\/ro\/contact\/","title":{"rendered":"Contact"},"content":{"rendered":"<p>Pentru a ne contacta, v\u0103 rug\u0103m s\u0103 folosi\u021bi adresa noastr\u0103 de email contact@ebsi4ro.ro \u0219i conturile noastre de re\u021bele sociale: <a href=\"https:\/\/twitter.com\/ebsi4ro\" target=\"_blank\" rel=\"noreferrer noopener\">Twitter<\/a> si <a href=\"https:\/\/www.facebook.com\/ebsi4ro\" target=\"_blank\" rel=\"noreferrer noopener\">Facebook<\/a>.<\/p>","protected":false},"excerpt":{"rendered":"<p>For contacting us, please use our email address contact@ebsi4ro.ro and our social networks accounts: Twitter and Facebook.<span class=\"more-link\"><a href=\"https:\/\/ebsi4ro.ro\/ro\/contact\/\">Read More &rarr;<\/a><\/span><\/p>","protected":false},"author":1,"featured_media":0,"parent":0,"menu_order":0,"comment_status":"closed","ping_status":"closed","template":"","meta":{"_monsterinsights_skip_tracking":false,"_monsterinsights_sitenote_active":false,"_monsterinsights_sitenote_note":"","_monsterinsights_sitenote_category":0,"footnotes":""},"class_list":["entry","author-adminebsi4ro","post-14","page","type-page","status-publish"],"yoast_head":"<!-- This site is optimized with the Yoast SEO plugin v17.7.1 - https:\/\/yoast.com\/wordpress\/plugins\/seo\/ -->\n<title>Contact - EBSI4RO<\/title>\n<meta name=\"robots\" content=\"index, follow, max-snippet:-1, max-image-preview:large, max-video-preview:-1\" \/>\n<link rel=\"canonical\" href=\"https:\/\/ebsi4ro.ro\/ro\/contact\/\" \/>\n<meta property=\"og:locale\" content=\"ro_RO\" \/>\n<meta property=\"og:type\" content=\"article\" \/>\n<meta property=\"og:title\" content=\"Contact - EBSI4RO\" \/>\n<meta property=\"og:description\" content=\"For contacting us, please use our email address contact@ebsi4ro.ro and our social networks accounts: Twitter and Facebook.Read More &rarr;\" \/>\n<meta property=\"og:url\" content=\"https:\/\/ebsi4ro.ro\/ro\/contact\/\" \/>\n<meta property=\"og:site_name\" content=\"EBSI4RO\" \/>\n<meta property=\"article:modified_time\" content=\"2022-02-18T22:30:08+00:00\" \/>\n<meta name=\"twitter:card\" content=\"summary_large_image\" \/>\n<meta name=\"twitter:label1\" content=\"Timp estimat pentru citire\" \/>\n\t<meta name=\"twitter:data1\" content=\"1 minut\" \/>\n<script type=\"application\/ld+json\" class=\"yoast-schema-graph\">{\"@context\":\"https:\/\/schema.org\",\"@graph\":[{\"@type\":\"WebSite\",\"@id\":\"https:\/\/ebsi4ro.ro\/#website\",\"url\":\"https:\/\/ebsi4ro.ro\/\",\"name\":\"EBSI4RO\",\"description\":\"Connecting Romania through Blockchain\",\"potentialAction\":[{\"@type\":\"SearchAction\",\"target\":{\"@type\":\"EntryPoint\",\"urlTemplate\":\"https:\/\/ebsi4ro.ro\/?s={search_term_string}\"},\"query-input\":\"required name=search_term_string\"}],\"inLanguage\":\"ro-RO\"},{\"@type\":\"WebPage\",\"@id\":\"https:\/\/ebsi4ro.ro\/contact\/#webpage\",\"url\":\"https:\/\/ebsi4ro.ro\/contact\/\",\"name\":\"Contact - EBSI4RO\",\"isPartOf\":{\"@id\":\"https:\/\/ebsi4ro.ro\/#website\"},\"datePublished\":\"2021-06-02T10:03:15+00:00\",\"dateModified\":\"2022-02-18T22:30:08+00:00\",\"breadcrumb\":{\"@id\":\"https:\/\/ebsi4ro.ro\/contact\/#breadcrumb\"},\"inLanguage\":\"ro-RO\",\"potentialAction\":[{\"@type\":\"ReadAction\",\"target\":[\"https:\/\/ebsi4ro.ro\/contact\/\"]}]},{\"@type\":\"BreadcrumbList\",\"@id\":\"https:\/\/ebsi4ro.ro\/contact\/#breadcrumb\",\"itemListElement\":[{\"@type\":\"ListItem\",\"position\":1,\"name\":\"Home\",\"item\":\"https:\/\/ebsi4ro.ro\/\"},{\"@type\":\"ListItem\",\"position\":2,\"name\":\"Contact\"}]}]}<\/script>\n<!-- \/ Yoast SEO plugin. -->","yoast_head_json":{"title":"Contact - EBSI4RO","robots":{"index":"index","follow":"follow","max-snippet":"max-snippet:-1","max-image-preview":"max-image-preview:large","max-video-preview":"max-video-preview:-1"},"canonical":"https:\/\/ebsi4ro.ro\/ro\/contact\/","og_locale":"ro_RO","og_type":"article","og_title":"Contact - EBSI4RO","og_description":"For contacting us, please use our email address contact@ebsi4ro.ro and our social networks accounts: Twitter and Facebook.Read More &rarr;","og_url":"https:\/\/ebsi4ro.ro\/ro\/contact\/","og_site_name":"EBSI4RO","article_modified_time":"2022-02-18T22:30:08+00:00","twitter_card":"summary_large_image","twitter_misc":{"Timp estimat pentru citire":"1 minut"},"schema":{"@context":"https:\/\/schema.org","@graph":[{"@type":"WebSite","@id":"https:\/\/ebsi4ro.ro\/#website","url":"https:\/\/ebsi4ro.ro\/","name":"EBSI4RO","description":"Connecting Romania through Blockchain","potentialAction":[{"@type":"SearchAction","target":{"@type":"EntryPoint","urlTemplate":"https:\/\/ebsi4ro.ro\/?s={search_term_string}"},"query-input":"required name=search_term_string"}],"inLanguage":"ro-RO"},{"@type":"WebPage","@id":"https:\/\/ebsi4ro.ro\/contact\/#webpage","url":"https:\/\/ebsi4ro.ro\/contact\/","name":"Contact - EBSI4RO","isPartOf":{"@id":"https:\/\/ebsi4ro.ro\/#website"},"datePublished":"2021-06-02T10:03:15+00:00","dateModified":"2022-02-18T22:30:08+00:00","breadcrumb":{"@id":"https:\/\/ebsi4ro.ro\/contact\/#breadcrumb"},"inLanguage":"ro-RO","potentialAction":[{"@type":"ReadAction","target":["https:\/\/ebsi4ro.ro\/contact\/"]}]},{"@type":"BreadcrumbList","@id":"https:\/\/ebsi4ro.ro\/contact\/#breadcrumb","itemListElement":[{"@type":"ListItem","position":1,"name":"Home","item":"https:\/\/ebsi4ro.ro\/"},{"@type":"ListItem","position":2,"name":"Contact"}]}]}},"_links":{"self":[{"href":"https:\/\/ebsi4ro.ro\/ro\/wp-json\/wp\/v2\/pages\/14","targetHints":{"allow":["GET"]}}],"collection":[{"href":"https:\/\/ebsi4ro.ro\/ro\/wp-json\/wp\/v2\/pages"}],"about":[{"href":"https:\/\/ebsi4ro.ro\/ro\/wp-json\/wp\/v2\/types\/page"}],"author":[{"embeddable":true,"href":"https:\/\/ebsi4ro.ro\/ro\/wp-json\/wp\/v2\/users\/1"}],"replies":[{"embeddable":true,"href":"https:\/\/ebsi4ro.ro\/ro\/wp-json\/wp\/v2\/comments?post=14"}],"version-history":[{"count":5,"href":"https:\/\/ebsi4ro.ro\/ro\/wp-json\/wp\/v2\/pages\/14\/revisions"}],"predecessor-version":[{"id":348,"href":"https:\/\/ebsi4ro.ro\/ro\/wp-json\/wp\/v2\/pages\/14\/revisions\/348"}],"wp:attachment":[{"href":"https:\/\/ebsi4ro.ro\/ro\/wp-json\/wp\/v2\/media?parent=14"}],"curies":[{"name":"wp","href":"https:\/\/api.w.org\/{rel}","templated":true}]}}