{"id":13,"date":"2021-06-02T10:03:15","date_gmt":"2021-06-02T10:03:15","guid":{"rendered":"https:\/\/ebsi4ro.ro\/?page_id=13"},"modified":"2022-01-31T18:17:32","modified_gmt":"2022-01-31T16:17:32","slug":"summary","status":"publish","type":"page","link":"https:\/\/ebsi4ro.ro\/ro\/summary\/","title":{"rendered":"Rezumat"},"content":{"rendered":"<p>Domeniul central al Ac\u021biunii CEF Telecom \u201d<em>EBSI4RO: Conectarea Rom\u00e2niei prin Blockchain<\/em>\u201d este de a crea un ecosistem extensibil \u0219i durabil pentru a facilita \u0219i accelera con\u0219tientizarea, cunoa\u0219terea \u0219i adoptarea infrastructurii europene de servicii blockchain (EBSI) de c\u0103tre cet\u0103\u021benii, \u00eentreprinderile, institu\u021biile \u0219i administra\u021bia rom\u00e2ni. De asemenea, va sprijini participarea \u0219i contribu\u021bia p\u0103r\u021bilor interesate din Rom\u00e2nia la EBSI, \u00een special \u00een ceea ce prive\u0219te cazul de utilizare a diplomelor. <\/p>\n\n\n\n<p>Concret, ac\u021biunea va acoperi:<\/p>\n\n\n\n<p>1. Dezvoltarea \u0219i operarea infrastructurii EBSI prin sprijinirea \u00eenfiin\u021b\u0103rii \u0219i exploat\u0103rii unui nod EBSI rom\u00e2nesc, func\u021bional \u0219i integrat cu re\u021beaua \u0219i opera\u021biunile EBSI;<\/p>\n\n\n\n<p>2. Cazuri de utilizare transfrontaliere EBSI prin implementarea cazului de utilizare a Diplomelor, prin dezvoltarea de aplica\u021bii \u0219i servicii pentru acredit\u0103ri digitale \u0219i micro-acredit\u0103ri, integrate cu Registrul Na\u021bional de \u00cenmatriculare a Studen\u021bilor (Registrul Matricol Unic sau RMU). Mai exact, va fi implementat un Sistem de Acreditare ca solu\u021bie pentru calific\u0103ri digitale verificabile (diplome oficiale), dar \u0219i pentru micro-acredit\u0103ri verificabile, acordate la finalizarea unor cursuri scurte de sine st\u0103t\u0103toare sau module realizate \u00een format blended. Sistemul de acreditare va elibera pe Blockchain (EBSI) diplomele gestionate de RMU operat\u0103 de Agen\u021bia Executiv\u0103 pentru Finan\u021barea \u00cenv\u0103\u021b\u0103m\u00e2ntului Superior, Cercet\u0103rii, Dezvoltarii \u0219i Inov\u0103rii (UEFISCDI);<\/p>\n\n\n\n<p>3. Activit\u0103\u021bi de consolidare a capacit\u0103\u021bilor EBSI \u0219i de formare pentru universit\u0103\u021bi, institu\u021bii \u0219i companii, care vizeaz\u0103 o adoptare mai larg\u0103 a EBSI de c\u0103tre serviciile publice \u0219i private, prin crearea de MOOC-uri pentru \u00eenv\u0103\u021barea online \u0219i mixt\u0103 pe UniCampus (https:\/\/unicampus.ro \/), g\u0103zduit\u0103 de Universitatea Politehnica din Timi\u0219oara.<\/p>\n\n\n\n<p>4. Consolidarea comunit\u0103\u021bii de comunicare \u0219i blockchain \u00een Rom\u00e2nia, cu scopul de a cre\u0219te gradul de con\u0219tientizare a cazurilor de utilizare EBSI \u0219i EBSI \u0219i de a disemina rezultatele Ac\u021biunii.<\/p>\n\n\n\n<p>Ca urmare a acestei Ac\u021biuni, va fi sus\u021binut\u0103 lansarea ESBI (inclusiv un caz de utilizare relevant) \u00een Rom\u00e2nia, permi\u021b\u00e2nd furnizarea de servicii publice transfrontaliere bazate pe tehnologia blockchain \u0219i \u00eembun\u0103t\u0103\u021bind modul \u00een care cet\u0103\u021benii, guvernul \u0219i \u00eentreprinderile interac\u021bioneaz\u0103.<\/p>\n\n\n\n<p><em>Durata proiectului<\/em>: 1 April 2021 \u2013 31 March 2023<\/p>","protected":false},"excerpt":{"rendered":"<p>The central scope of the CEF Telecom Action \u201cEBSI4RO: Connecting Romania through Blockchain\u201d is to create an extendable and sustainable ecosystem to facilitate and accelerate the awareness, knowledge, and adoption of the European Blockchain Services Infrastructure (EBSI) by the Romanian citizens, businesses, institutions, and administration. It will also support the<span class=\"more-link\"><a href=\"https:\/\/ebsi4ro.ro\/ro\/summary\/\">Read More &rarr;<\/a><\/span><\/p>","protected":false},"author":1,"featured_media":0,"parent":0,"menu_order":0,"comment_status":"closed","ping_status":"closed","template":"","meta":{"_monsterinsights_skip_tracking":false,"_monsterinsights_sitenote_active":false,"_monsterinsights_sitenote_note":"","_monsterinsights_sitenote_category":0,"footnotes":""},"class_list":["entry","author-adminebsi4ro","post-13","page","type-page","status-publish"],"yoast_head":"<!-- This site is optimized with the Yoast SEO plugin v17.7.1 - https:\/\/yoast.com\/wordpress\/plugins\/seo\/ -->\n<title>Summary - EBSI4RO<\/title>\n<meta name=\"robots\" content=\"index, follow, max-snippet:-1, max-image-preview:large, max-video-preview:-1\" \/>\n<link rel=\"canonical\" href=\"https:\/\/ebsi4ro.ro\/ro\/summary\/\" \/>\n<meta property=\"og:locale\" content=\"ro_RO\" \/>\n<meta property=\"og:type\" content=\"article\" \/>\n<meta property=\"og:title\" content=\"Summary - EBSI4RO\" \/>\n<meta property=\"og:description\" content=\"The central scope of the CEF Telecom Action \u201cEBSI4RO: Connecting Romania through Blockchain\u201d is to create an extendable and sustainable ecosystem to facilitate and accelerate the awareness, knowledge, and adoption of the European Blockchain Services Infrastructure (EBSI) by the Romanian citizens, businesses, institutions, and administration. It will also support theRead More &rarr;\" \/>\n<meta property=\"og:url\" content=\"https:\/\/ebsi4ro.ro\/ro\/summary\/\" \/>\n<meta property=\"og:site_name\" content=\"EBSI4RO\" \/>\n<meta property=\"article:modified_time\" content=\"2022-01-31T16:17:32+00:00\" \/>\n<meta name=\"twitter:card\" content=\"summary_large_image\" \/>\n<meta name=\"twitter:label1\" content=\"Timp estimat pentru citire\" \/>\n\t<meta name=\"twitter:data1\" content=\"2 minute\" \/>\n<script type=\"application\/ld+json\" class=\"yoast-schema-graph\">{\"@context\":\"https:\/\/schema.org\",\"@graph\":[{\"@type\":\"WebSite\",\"@id\":\"https:\/\/ebsi4ro.ro\/#website\",\"url\":\"https:\/\/ebsi4ro.ro\/\",\"name\":\"EBSI4RO\",\"description\":\"Connecting Romania through Blockchain\",\"potentialAction\":[{\"@type\":\"SearchAction\",\"target\":{\"@type\":\"EntryPoint\",\"urlTemplate\":\"https:\/\/ebsi4ro.ro\/?s={search_term_string}\"},\"query-input\":\"required name=search_term_string\"}],\"inLanguage\":\"ro-RO\"},{\"@type\":\"WebPage\",\"@id\":\"https:\/\/ebsi4ro.ro\/summary\/#webpage\",\"url\":\"https:\/\/ebsi4ro.ro\/summary\/\",\"name\":\"Summary - EBSI4RO\",\"isPartOf\":{\"@id\":\"https:\/\/ebsi4ro.ro\/#website\"},\"datePublished\":\"2021-06-02T10:03:15+00:00\",\"dateModified\":\"2022-01-31T16:17:32+00:00\",\"breadcrumb\":{\"@id\":\"https:\/\/ebsi4ro.ro\/summary\/#breadcrumb\"},\"inLanguage\":\"ro-RO\",\"potentialAction\":[{\"@type\":\"ReadAction\",\"target\":[\"https:\/\/ebsi4ro.ro\/summary\/\"]}]},{\"@type\":\"BreadcrumbList\",\"@id\":\"https:\/\/ebsi4ro.ro\/summary\/#breadcrumb\",\"itemListElement\":[{\"@type\":\"ListItem\",\"position\":1,\"name\":\"Home\",\"item\":\"https:\/\/ebsi4ro.ro\/\"},{\"@type\":\"ListItem\",\"position\":2,\"name\":\"Summary\"}]}]}<\/script>\n<!-- \/ Yoast SEO plugin. -->","yoast_head_json":{"title":"Summary - EBSI4RO","robots":{"index":"index","follow":"follow","max-snippet":"max-snippet:-1","max-image-preview":"max-image-preview:large","max-video-preview":"max-video-preview:-1"},"canonical":"https:\/\/ebsi4ro.ro\/ro\/summary\/","og_locale":"ro_RO","og_type":"article","og_title":"Summary - EBSI4RO","og_description":"The central scope of the CEF Telecom Action \u201cEBSI4RO: Connecting Romania through Blockchain\u201d is to create an extendable and sustainable ecosystem to facilitate and accelerate the awareness, knowledge, and adoption of the European Blockchain Services Infrastructure (EBSI) by the Romanian citizens, businesses, institutions, and administration. It will also support theRead More &rarr;","og_url":"https:\/\/ebsi4ro.ro\/ro\/summary\/","og_site_name":"EBSI4RO","article_modified_time":"2022-01-31T16:17:32+00:00","twitter_card":"summary_large_image","twitter_misc":{"Timp estimat pentru citire":"2 minute"},"schema":{"@context":"https:\/\/schema.org","@graph":[{"@type":"WebSite","@id":"https:\/\/ebsi4ro.ro\/#website","url":"https:\/\/ebsi4ro.ro\/","name":"EBSI4RO","description":"Connecting Romania through Blockchain","potentialAction":[{"@type":"SearchAction","target":{"@type":"EntryPoint","urlTemplate":"https:\/\/ebsi4ro.ro\/?s={search_term_string}"},"query-input":"required name=search_term_string"}],"inLanguage":"ro-RO"},{"@type":"WebPage","@id":"https:\/\/ebsi4ro.ro\/summary\/#webpage","url":"https:\/\/ebsi4ro.ro\/summary\/","name":"Summary - EBSI4RO","isPartOf":{"@id":"https:\/\/ebsi4ro.ro\/#website"},"datePublished":"2021-06-02T10:03:15+00:00","dateModified":"2022-01-31T16:17:32+00:00","breadcrumb":{"@id":"https:\/\/ebsi4ro.ro\/summary\/#breadcrumb"},"inLanguage":"ro-RO","potentialAction":[{"@type":"ReadAction","target":["https:\/\/ebsi4ro.ro\/summary\/"]}]},{"@type":"BreadcrumbList","@id":"https:\/\/ebsi4ro.ro\/summary\/#breadcrumb","itemListElement":[{"@type":"ListItem","position":1,"name":"Home","item":"https:\/\/ebsi4ro.ro\/"},{"@type":"ListItem","position":2,"name":"Summary"}]}]}},"_links":{"self":[{"href":"https:\/\/ebsi4ro.ro\/ro\/wp-json\/wp\/v2\/pages\/13","targetHints":{"allow":["GET"]}}],"collection":[{"href":"https:\/\/ebsi4ro.ro\/ro\/wp-json\/wp\/v2\/pages"}],"about":[{"href":"https:\/\/ebsi4ro.ro\/ro\/wp-json\/wp\/v2\/types\/page"}],"author":[{"embeddable":true,"href":"https:\/\/ebsi4ro.ro\/ro\/wp-json\/wp\/v2\/users\/1"}],"replies":[{"embeddable":true,"href":"https:\/\/ebsi4ro.ro\/ro\/wp-json\/wp\/v2\/comments?post=13"}],"version-history":[{"count":4,"href":"https:\/\/ebsi4ro.ro\/ro\/wp-json\/wp\/v2\/pages\/13\/revisions"}],"predecessor-version":[{"id":281,"href":"https:\/\/ebsi4ro.ro\/ro\/wp-json\/wp\/v2\/pages\/13\/revisions\/281"}],"wp:attachment":[{"href":"https:\/\/ebsi4ro.ro\/ro\/wp-json\/wp\/v2\/media?parent=13"}],"curies":[{"name":"wp","href":"https:\/\/api.w.org\/{rel}","templated":true}]}}